{"id":2,"date":"2025-04-22T23:29:20","date_gmt":"2025-04-22T21:29:20","guid":{"rendered":"http:\/\/bezaiwp68.you2.pl\/?page_id=2"},"modified":"2026-04-06T12:19:40","modified_gmt":"2026-04-06T10:19:40","slug":"strona-glowna","status":"publish","type":"page","link":"https:\/\/tengo.org.pl\/","title":{"rendered":"Strona g\u0142\u00f3wna"},"content":{"rendered":"\n<div class=\"wp-block-group alignfull tengo-header has-base-background-color has-background is-content-justification-space-between is-nowrap is-layout-flex wp-container-core-group-is-layout-c747d828 wp-block-group-is-layout-flex\" style=\"border-bottom-color:#e8e8ed;border-bottom-width:1px;padding-top:0;padding-right:2.5rem;padding-bottom:0;padding-left:2.5rem\"><div class=\"wp-block-site-logo\"><a href=\"https:\/\/tengo.org.pl\/\" class=\"custom-logo-link\" rel=\"home\"><img loading=\"lazy\" decoding=\"async\" width=\"180\" height=\"70\" src=\"https:\/\/tengo.org.pl\/wp-content\/uploads\/2026\/04\/FundacjaTengoLogotyp.svg\" class=\"custom-logo\" alt=\"Fundacja TENGO\" \/><\/a><\/div>\n\n\n<div class=\"wp-block-buttons is-layout-flex wp-block-buttons-is-layout-flex\">\n<div class=\"wp-block-button\"><a class=\"wp-block-button__link has-text-color has-background wp-element-button\" href=\"#newsletter\" style=\"border-radius:8px;color:#ffffff;background-color:#1f4eff;padding-top:10px;padding-right:22px;padding-bottom:10px;padding-left:22px\">Do\u0142\u0105cz \u2192<\/a><\/div>\n<\/div>\n<\/div>\n\n\n<div class=\"wp-block-group alignfull tengo-hero has-global-padding is-layout-constrained wp-container-core-group-is-layout-4502800b wp-block-group-is-layout-constrained\" style=\"padding-top:7rem;padding-right:2rem;padding-bottom:7rem;padding-left:2rem\">\n\n\n<p class=\"tengo-eyebrow has-text-color wp-elements-7f490b392764554a55ad7cea526e9155\" style=\"color:#18b67e\">Wczesny dost\u0119p \u2014 do\u0142\u0105cz do listy<\/p>\n\n\n\n<h1 class=\"wp-block-heading\">Technologia przestaje by\u0107 przeszkod\u0105.<br>Tw\u00f3j fundraising mo\u017ce w ko\u0144cu ruszy\u0107.<\/h1>\n\n\n\n<p class=\"tengo-lead\">Tengo Fundraising to wtyczka WordPress dla ma\u0142ych i \u015brednich NGO. Lejki kampanii, formularze wp\u0142at i CRM darczy\u0144c\u00f3w \u2014 w jednym miejscu, bez agencji i bez bud\u017cetu na IT.<\/p>\n\n\n\n<form class=\"tengo-form\" id=\"newsletter\" onsubmit=\"return false;\">\n  <div class=\"tengo-form-row\">\n    <input type=\"email\" placeholder=\"Tw\u00f3j adres e-mail\" required \/>\n    <button type=\"submit\">Do\u0142\u0105cz \u2192<\/button>\n  <\/div>\n  <p class=\"tengo-form-note\">\u017badnego spamu. Tylko informacja o starcie i mo\u017cliwo\u015b\u0107 beta-testowania.<\/p>\n<\/form>\n\n\n<\/div>\n\n\n\n<p><\/p>\n","protected":false},"excerpt":{"rendered":"<p>Wczesny dost\u0119p \u2014 do\u0142\u0105cz do listy Technologia przestaje by\u0107 przeszkod\u0105.Tw\u00f3j fundraising mo\u017ce w ko\u0144cu ruszy\u0107. Tengo Fundraising to wtyczka WordPress dla ma\u0142ych i \u015brednich NGO. Lejki kampanii, formularze wp\u0142at i CRM darczy\u0144c\u00f3w \u2014 w jednym miejscu, bez agencji i bez bud\u017cetu na IT. Do\u0142\u0105cz \u2192 \u017badnego spamu. Tylko informacja o starcie i mo\u017cliwo\u015b\u0107 beta-testowania.<\/p>\n","protected":false},"author":1,"featured_media":0,"parent":0,"menu_order":0,"comment_status":"closed","ping_status":"closed","template":"","meta":{"footnotes":""},"class_list":["post-2","page","type-page","status-publish","hentry"],"_links":{"self":[{"href":"https:\/\/tengo.org.pl\/index.php\/wp-json\/wp\/v2\/pages\/2","targetHints":{"allow":["GET"]}}],"collection":[{"href":"https:\/\/tengo.org.pl\/index.php\/wp-json\/wp\/v2\/pages"}],"about":[{"href":"https:\/\/tengo.org.pl\/index.php\/wp-json\/wp\/v2\/types\/page"}],"author":[{"embeddable":true,"href":"https:\/\/tengo.org.pl\/index.php\/wp-json\/wp\/v2\/users\/1"}],"replies":[{"embeddable":true,"href":"https:\/\/tengo.org.pl\/index.php\/wp-json\/wp\/v2\/comments?post=2"}],"version-history":[{"count":5,"href":"https:\/\/tengo.org.pl\/index.php\/wp-json\/wp\/v2\/pages\/2\/revisions"}],"predecessor-version":[{"id":30,"href":"https:\/\/tengo.org.pl\/index.php\/wp-json\/wp\/v2\/pages\/2\/revisions\/30"}],"wp:attachment":[{"href":"https:\/\/tengo.org.pl\/index.php\/wp-json\/wp\/v2\/media?parent=2"}],"curies":[{"name":"wp","href":"https:\/\/api.w.org\/{rel}","templated":true}]}}